{"id":1001,"date":"2023-06-21T22:51:09","date_gmt":"2023-06-21T22:51:09","guid":{"rendered":"https:\/\/laprovidenciatandil.com\/?post_type=product&#038;p=1001"},"modified":"2026-03-20T20:32:37","modified_gmt":"2026-03-20T20:32:37","slug":"sal-de-ajo-badia-2","status":"publish","type":"product","link":"https:\/\/laprovidenciatandil.com\/index.php\/product\/sal-de-ajo-badia-2\/","title":{"rendered":"Sal de Ajo BADIA"},"content":{"rendered":"<p>Badia. Sal. Ajo y perejil deshidratados. Almid\u00f3n de ma\u00edz. Az\u00facar. Aceite de canola. C\u00farcuma. Aceite de ajo. Producto de Estados Unidos.<\/p>\n<p>Sal. Ajo y perejil deshidratados. Almid\u00f3n de ma\u00edz. Az\u00facar. Aceite de canola. C\u00farcuma. Aceite de ajo.<\/p>\n<p>Peso: 311,8grs<\/p>\n","protected":false},"excerpt":{"rendered":"<p>Badia. Sal. Ajo y perejil deshidratados. Almid\u00f3n de ma\u00edz. Az\u00facar. Aceite de canola. C\u00farcuma. Aceite de ajo. Producto de Estados Unidos.<\/p>\n<p>Sal. Ajo y perejil deshidratados. Almid\u00f3n de ma\u00edz. Az\u00facar. Aceite de canola. C\u00farcuma. Aceite de ajo.<\/p>\n<p>Peso: 311,8grs<\/p>\n","protected":false},"featured_media":795,"comment_status":"open","ping_status":"closed","template":"","meta":{"_joinchat":[]},"product_brand":[],"product_cat":[32],"product_tag":[184,179,87,183,121,159,163,160,158,157],"class_list":{"0":"post-1001","1":"product","2":"type-product","3":"status-publish","4":"has-post-thumbnail","6":"product_cat-condimentos-y-aderezos","7":"product_tag-aceite-de-ajo","8":"product_tag-aceite-de-canola","9":"product_tag-ajo","10":"product_tag-almidon-de-maiz","11":"product_tag-azucar","12":"product_tag-badia","13":"product_tag-curcuma","14":"product_tag-estados-unidos","15":"product_tag-perejil","16":"product_tag-sal","18":"first","19":"instock","20":"featured","21":"shipping-taxable","22":"purchasable","23":"product-type-simple"},"jetpack_sharing_enabled":true,"_links":{"self":[{"href":"https:\/\/laprovidenciatandil.com\/index.php\/wp-json\/wp\/v2\/product\/1001","targetHints":{"allow":["GET"]}}],"collection":[{"href":"https:\/\/laprovidenciatandil.com\/index.php\/wp-json\/wp\/v2\/product"}],"about":[{"href":"https:\/\/laprovidenciatandil.com\/index.php\/wp-json\/wp\/v2\/types\/product"}],"replies":[{"embeddable":true,"href":"https:\/\/laprovidenciatandil.com\/index.php\/wp-json\/wp\/v2\/comments?post=1001"}],"wp:featuredmedia":[{"embeddable":true,"href":"https:\/\/laprovidenciatandil.com\/index.php\/wp-json\/wp\/v2\/media\/795"}],"wp:attachment":[{"href":"https:\/\/laprovidenciatandil.com\/index.php\/wp-json\/wp\/v2\/media?parent=1001"}],"wp:term":[{"taxonomy":"product_brand","embeddable":true,"href":"https:\/\/laprovidenciatandil.com\/index.php\/wp-json\/wp\/v2\/product_brand?post=1001"},{"taxonomy":"product_cat","embeddable":true,"href":"https:\/\/laprovidenciatandil.com\/index.php\/wp-json\/wp\/v2\/product_cat?post=1001"},{"taxonomy":"product_tag","embeddable":true,"href":"https:\/\/laprovidenciatandil.com\/index.php\/wp-json\/wp\/v2\/product_tag?post=1001"}],"curies":[{"name":"wp","href":"https:\/\/api.w.org\/{rel}","templated":true}]}}