{"id":1151,"date":"2023-06-22T14:46:33","date_gmt":"2023-06-22T14:46:33","guid":{"rendered":"https:\/\/laprovidenciatandil.com\/?post_type=product&#038;p=1151"},"modified":"2026-03-20T20:32:38","modified_gmt":"2026-03-20T20:32:38","slug":"mini-pizza-y-cebolla-tandileofu","status":"publish","type":"product","link":"https:\/\/laprovidenciatandil.com\/index.php\/product\/mini-pizza-y-cebolla-tandileofu\/","title":{"rendered":"Mini PIZZA Y CEBOLLA Tandileof\u00fa"},"content":{"rendered":"<p>Horma Peque\u00f1a de queso Gouda con condimentos Or\u00e9gano, Aj\u00ed, Pimienta y Cebolla.<\/p>\n<p>Producto de Tandil<\/p>\n<p>Peso Aprox: 550 Gr.<\/p>\n","protected":false},"excerpt":{"rendered":"<p>Horma Peque\u00f1a de queso Gouda con condimentos Or\u00e9gano, Aj\u00ed, Pimienta y Cebolla.<\/p>\n<p>Producto de Tandil<\/p>\n<p>Peso Aprox: 550 Gr.<\/p>\n","protected":false},"featured_media":1245,"comment_status":"open","ping_status":"closed","template":"","meta":{"_joinchat":[]},"product_brand":[],"product_cat":[54,55],"product_tag":[],"class_list":{"0":"post-1151","1":"product","2":"type-product","3":"status-publish","4":"has-post-thumbnail","6":"product_cat-quesos","7":"product_cat-mini-hormas","9":"first","10":"instock","11":"featured","12":"shipping-taxable","13":"purchasable","14":"product-type-simple"},"jetpack_sharing_enabled":true,"_links":{"self":[{"href":"https:\/\/laprovidenciatandil.com\/index.php\/wp-json\/wp\/v2\/product\/1151","targetHints":{"allow":["GET"]}}],"collection":[{"href":"https:\/\/laprovidenciatandil.com\/index.php\/wp-json\/wp\/v2\/product"}],"about":[{"href":"https:\/\/laprovidenciatandil.com\/index.php\/wp-json\/wp\/v2\/types\/product"}],"replies":[{"embeddable":true,"href":"https:\/\/laprovidenciatandil.com\/index.php\/wp-json\/wp\/v2\/comments?post=1151"}],"wp:featuredmedia":[{"embeddable":true,"href":"https:\/\/laprovidenciatandil.com\/index.php\/wp-json\/wp\/v2\/media\/1245"}],"wp:attachment":[{"href":"https:\/\/laprovidenciatandil.com\/index.php\/wp-json\/wp\/v2\/media?parent=1151"}],"wp:term":[{"taxonomy":"product_brand","embeddable":true,"href":"https:\/\/laprovidenciatandil.com\/index.php\/wp-json\/wp\/v2\/product_brand?post=1151"},{"taxonomy":"product_cat","embeddable":true,"href":"https:\/\/laprovidenciatandil.com\/index.php\/wp-json\/wp\/v2\/product_cat?post=1151"},{"taxonomy":"product_tag","embeddable":true,"href":"https:\/\/laprovidenciatandil.com\/index.php\/wp-json\/wp\/v2\/product_tag?post=1151"}],"curies":[{"name":"wp","href":"https:\/\/api.w.org\/{rel}","templated":true}]}}