{"id":1222,"date":"2023-06-22T18:38:12","date_gmt":"2023-06-22T18:38:12","guid":{"rendered":"https:\/\/laprovidenciatandil.com\/?post_type=product&#038;p=1222"},"modified":"2026-03-20T20:32:39","modified_gmt":"2026-03-20T20:32:39","slug":"jamon-crudo-reserva-en-trozo-o-pieza","status":"publish","type":"product","link":"https:\/\/laprovidenciatandil.com\/index.php\/product\/jamon-crudo-reserva-en-trozo-o-pieza\/","title":{"rendered":"Jam\u00f3n Crudo Reserva (En trozo o pieza)"},"content":{"rendered":"<p>Jam\u00f3n Crudo Reserva de las Dinas Chacinados, garant\u00eda de maduraci\u00f3n y estacionamiento, precio por trozo o pieza selladas la vac\u00edo. Pieza Deshuesada.<\/p>\n","protected":false},"excerpt":{"rendered":"<p>Jam\u00f3n Crudo Reserva de las Dinas Chacinados, garant\u00eda de maduraci\u00f3n y estacionamiento, precio por trozo o pieza selladas la vac\u00edo. Pieza Deshuesada.<\/p>\n","protected":false},"featured_media":1223,"comment_status":"open","ping_status":"closed","template":"","meta":{"_joinchat":[]},"product_brand":[],"product_cat":[15,23],"product_tag":[94,90,40],"class_list":{"0":"post-1222","1":"product","2":"type-product","3":"status-publish","4":"has-post-thumbnail","6":"product_cat-chacinados","7":"product_cat-piezas-salazon","8":"product_tag-jamon","9":"product_tag-jamon-crudo","10":"product_tag-las-dinas","12":"first","13":"instock","14":"sale","15":"featured","16":"shipping-taxable","17":"purchasable","18":"product-type-simple"},"jetpack_sharing_enabled":true,"_links":{"self":[{"href":"https:\/\/laprovidenciatandil.com\/index.php\/wp-json\/wp\/v2\/product\/1222","targetHints":{"allow":["GET"]}}],"collection":[{"href":"https:\/\/laprovidenciatandil.com\/index.php\/wp-json\/wp\/v2\/product"}],"about":[{"href":"https:\/\/laprovidenciatandil.com\/index.php\/wp-json\/wp\/v2\/types\/product"}],"replies":[{"embeddable":true,"href":"https:\/\/laprovidenciatandil.com\/index.php\/wp-json\/wp\/v2\/comments?post=1222"}],"wp:featuredmedia":[{"embeddable":true,"href":"https:\/\/laprovidenciatandil.com\/index.php\/wp-json\/wp\/v2\/media\/1223"}],"wp:attachment":[{"href":"https:\/\/laprovidenciatandil.com\/index.php\/wp-json\/wp\/v2\/media?parent=1222"}],"wp:term":[{"taxonomy":"product_brand","embeddable":true,"href":"https:\/\/laprovidenciatandil.com\/index.php\/wp-json\/wp\/v2\/product_brand?post=1222"},{"taxonomy":"product_cat","embeddable":true,"href":"https:\/\/laprovidenciatandil.com\/index.php\/wp-json\/wp\/v2\/product_cat?post=1222"},{"taxonomy":"product_tag","embeddable":true,"href":"https:\/\/laprovidenciatandil.com\/index.php\/wp-json\/wp\/v2\/product_tag?post=1222"}],"curies":[{"name":"wp","href":"https:\/\/api.w.org\/{rel}","templated":true}]}}