{"id":1360,"date":"2023-06-23T16:15:07","date_gmt":"2023-06-23T16:15:07","guid":{"rendered":"https:\/\/laprovidenciatandil.com\/?post_type=product&#038;p=1360"},"modified":"2026-03-20T20:32:39","modified_gmt":"2026-03-20T20:32:39","slug":"gran-mendoza","status":"publish","type":"product","link":"https:\/\/laprovidenciatandil.com\/index.php\/product\/gran-mendoza\/","title":{"rendered":"GRAN MENDOZA"},"content":{"rendered":"","protected":false},"excerpt":{"rendered":"<p>VARIETAL: Arauco.<\/p>\n<p>FINCA: Cruz de Piedra &#8211; Altos Limpios &#8211; Medrano | Mendoza<\/p>\n<p>EXTRACCI\u00d3N: Sistema continuo de extracci\u00f3n centr\u00edfuga.<\/p>\n<p>ACIDEZ TOTAL: Menor a 0,5 %.<\/p>\n<p>La variedad Arauco es aut\u00f3ctona de Argentina, en la actualidad es considerada como el \u201cmalbec de los aceites \u201d. Los frutos, de gran tama\u00f1o y forma ovoide alargada que terminan en punta, tienen una alta relaci\u00f3n pulpa-hueso y excelente sabor, textura, color y aroma. Los aceites varietales de Arauco se caracterizan por ser potentes en amargor y picor, muy frutados con aromas vegetales y minerales muy intensos.<\/p>\n<p>VISTA: Color amarillo verdoso intenso.<\/p>\n<p>AROMA: Intenso Frutado vegetal.<\/p>\n<p>BOCA: Marcado picante y amargo.<\/p>\n<p>PRESENTACI\u00d3N: 500 ml<\/p>\n","protected":false},"featured_media":1340,"comment_status":"open","ping_status":"closed","template":"","meta":{"_joinchat":[]},"product_brand":[],"product_cat":[207],"product_tag":[201,235,233,232,231,234],"class_list":{"0":"post-1360","1":"product","2":"type-product","3":"status-publish","4":"has-post-thumbnail","6":"product_cat-aceites-de-oliva","7":"product_tag-aceite","8":"product_tag-aceituna","9":"product_tag-acetaia","10":"product_tag-aceto","11":"product_tag-oliva","12":"product_tag-ovicola","14":"first","15":"instock","16":"featured","17":"shipping-taxable","18":"purchasable","19":"product-type-simple"},"jetpack_sharing_enabled":true,"_links":{"self":[{"href":"https:\/\/laprovidenciatandil.com\/index.php\/wp-json\/wp\/v2\/product\/1360","targetHints":{"allow":["GET"]}}],"collection":[{"href":"https:\/\/laprovidenciatandil.com\/index.php\/wp-json\/wp\/v2\/product"}],"about":[{"href":"https:\/\/laprovidenciatandil.com\/index.php\/wp-json\/wp\/v2\/types\/product"}],"replies":[{"embeddable":true,"href":"https:\/\/laprovidenciatandil.com\/index.php\/wp-json\/wp\/v2\/comments?post=1360"}],"wp:featuredmedia":[{"embeddable":true,"href":"https:\/\/laprovidenciatandil.com\/index.php\/wp-json\/wp\/v2\/media\/1340"}],"wp:attachment":[{"href":"https:\/\/laprovidenciatandil.com\/index.php\/wp-json\/wp\/v2\/media?parent=1360"}],"wp:term":[{"taxonomy":"product_brand","embeddable":true,"href":"https:\/\/laprovidenciatandil.com\/index.php\/wp-json\/wp\/v2\/product_brand?post=1360"},{"taxonomy":"product_cat","embeddable":true,"href":"https:\/\/laprovidenciatandil.com\/index.php\/wp-json\/wp\/v2\/product_cat?post=1360"},{"taxonomy":"product_tag","embeddable":true,"href":"https:\/\/laprovidenciatandil.com\/index.php\/wp-json\/wp\/v2\/product_tag?post=1360"}],"curies":[{"name":"wp","href":"https:\/\/api.w.org\/{rel}","templated":true}]}}