{"id":1365,"date":"2023-06-23T16:15:07","date_gmt":"2023-06-23T16:15:07","guid":{"rendered":"https:\/\/laprovidenciatandil.com\/?post_type=product&#038;p=1365"},"modified":"2026-03-20T20:32:40","modified_gmt":"2026-03-20T20:32:40","slug":"bag-in-box-2l","status":"publish","type":"product","link":"https:\/\/laprovidenciatandil.com\/index.php\/product\/bag-in-box-2l\/","title":{"rendered":"BAG IN BOX 2L \/ 5L"},"content":{"rendered":"","protected":false},"excerpt":{"rendered":"<p>BLEND FINCA: Cruz de Piedra, Maip\u00fa, Mendoza, Argentina.<\/p>\n<p>EXTRACCI\u00d3N: Sistema continuo de extracci\u00f3n centr\u00edfuga.<\/p>\n<p>ACIDEZ TOTAL: Menor a 0,5 %.<\/p>\n<p>Se destacan tonos de manzana verde y pasto reci\u00e9n cortado, es un aceite fresco y posee una delicada y<\/p>\n<p>elegante textura en el paladar.<\/p>\n<p>VISTA: Color dorado con tonos verdosos.<\/p>\n<p>AROMA: Frutado vegetal.<\/p>\n<p>BOCA: Picante, amargo y fresco.<\/p>\n<p>PRESENTACI\u00d3N: 2000 ml &#8211; 5000 ml<\/p>\n","protected":false},"featured_media":1330,"comment_status":"open","ping_status":"closed","template":"","meta":{"_joinchat":[]},"product_brand":[],"product_cat":[207],"product_tag":[201,235,233,232,231,234],"class_list":{"0":"post-1365","1":"product","2":"type-product","3":"status-publish","4":"has-post-thumbnail","6":"product_cat-aceites-de-oliva","7":"product_tag-aceite","8":"product_tag-aceituna","9":"product_tag-acetaia","10":"product_tag-aceto","11":"product_tag-oliva","12":"product_tag-ovicola","14":"first","15":"instock","16":"featured","17":"shipping-taxable","18":"purchasable","19":"product-type-variable"},"jetpack_sharing_enabled":true,"_links":{"self":[{"href":"https:\/\/laprovidenciatandil.com\/index.php\/wp-json\/wp\/v2\/product\/1365","targetHints":{"allow":["GET"]}}],"collection":[{"href":"https:\/\/laprovidenciatandil.com\/index.php\/wp-json\/wp\/v2\/product"}],"about":[{"href":"https:\/\/laprovidenciatandil.com\/index.php\/wp-json\/wp\/v2\/types\/product"}],"replies":[{"embeddable":true,"href":"https:\/\/laprovidenciatandil.com\/index.php\/wp-json\/wp\/v2\/comments?post=1365"}],"wp:featuredmedia":[{"embeddable":true,"href":"https:\/\/laprovidenciatandil.com\/index.php\/wp-json\/wp\/v2\/media\/1330"}],"wp:attachment":[{"href":"https:\/\/laprovidenciatandil.com\/index.php\/wp-json\/wp\/v2\/media?parent=1365"}],"wp:term":[{"taxonomy":"product_brand","embeddable":true,"href":"https:\/\/laprovidenciatandil.com\/index.php\/wp-json\/wp\/v2\/product_brand?post=1365"},{"taxonomy":"product_cat","embeddable":true,"href":"https:\/\/laprovidenciatandil.com\/index.php\/wp-json\/wp\/v2\/product_cat?post=1365"},{"taxonomy":"product_tag","embeddable":true,"href":"https:\/\/laprovidenciatandil.com\/index.php\/wp-json\/wp\/v2\/product_tag?post=1365"}],"curies":[{"name":"wp","href":"https:\/\/api.w.org\/{rel}","templated":true}]}}