{"id":1366,"date":"2023-06-23T16:15:07","date_gmt":"2023-06-23T16:15:07","guid":{"rendered":"https:\/\/laprovidenciatandil.com\/?post_type=product&#038;p=1366"},"modified":"2026-03-20T20:32:39","modified_gmt":"2026-03-20T20:32:39","slug":"lata-blend-de-terroir","status":"publish","type":"product","link":"https:\/\/laprovidenciatandil.com\/index.php\/product\/lata-blend-de-terroir\/","title":{"rendered":"LATA BLEND DE TERROIR"},"content":{"rendered":"","protected":false},"excerpt":{"rendered":"<p>BLEND: Arauco \/ Arbequina \/ Frantoio.<br \/>\n FINCA: Cruz de Piedra, Maip\u00fa, Mendoza, Argentina.<br \/>\n EXTRACCI\u00d3N: Sistema continuo de extracci\u00f3n centr\u00edfuga.<br \/>\n ACIDEZ TOTAL: Menor a 0,5 %. <\/p>\n<p> Aroma frutado de aceituna verde, con una intensa presencia de manzana y pl\u00e1tano y recuerdos dulces. En boca, es un aceite ligero, dulce y con predominio de las notas verdes de hierba reci\u00e9n cortada, picante y amargo con presencia marcada pero a la vez delicado al paladar. <\/p>\n<p> VISTA: Color amarillo verdoso intenso.<br \/>\n AROMA: Frutado vegetal.<br \/>\n BOCA: Picante y amargo, arm\u00f3nico a moderado.<br \/>\n PRESENTACI\u00d3N: LATA 500 ml<\/p>\n","protected":false},"featured_media":1326,"comment_status":"open","ping_status":"closed","template":"","meta":{"_joinchat":[]},"product_brand":[],"product_cat":[207],"product_tag":[201,235,233,232,231,234],"class_list":{"0":"post-1366","1":"product","2":"type-product","3":"status-publish","4":"has-post-thumbnail","6":"product_cat-aceites-de-oliva","7":"product_tag-aceite","8":"product_tag-aceituna","9":"product_tag-acetaia","10":"product_tag-aceto","11":"product_tag-oliva","12":"product_tag-ovicola","14":"first","15":"instock","16":"featured","17":"shipping-taxable","18":"purchasable","19":"product-type-simple"},"jetpack_sharing_enabled":true,"_links":{"self":[{"href":"https:\/\/laprovidenciatandil.com\/index.php\/wp-json\/wp\/v2\/product\/1366","targetHints":{"allow":["GET"]}}],"collection":[{"href":"https:\/\/laprovidenciatandil.com\/index.php\/wp-json\/wp\/v2\/product"}],"about":[{"href":"https:\/\/laprovidenciatandil.com\/index.php\/wp-json\/wp\/v2\/types\/product"}],"replies":[{"embeddable":true,"href":"https:\/\/laprovidenciatandil.com\/index.php\/wp-json\/wp\/v2\/comments?post=1366"}],"wp:featuredmedia":[{"embeddable":true,"href":"https:\/\/laprovidenciatandil.com\/index.php\/wp-json\/wp\/v2\/media\/1326"}],"wp:attachment":[{"href":"https:\/\/laprovidenciatandil.com\/index.php\/wp-json\/wp\/v2\/media?parent=1366"}],"wp:term":[{"taxonomy":"product_brand","embeddable":true,"href":"https:\/\/laprovidenciatandil.com\/index.php\/wp-json\/wp\/v2\/product_brand?post=1366"},{"taxonomy":"product_cat","embeddable":true,"href":"https:\/\/laprovidenciatandil.com\/index.php\/wp-json\/wp\/v2\/product_cat?post=1366"},{"taxonomy":"product_tag","embeddable":true,"href":"https:\/\/laprovidenciatandil.com\/index.php\/wp-json\/wp\/v2\/product_tag?post=1366"}],"curies":[{"name":"wp","href":"https:\/\/api.w.org\/{rel}","templated":true}]}}