{"id":1369,"date":"2023-06-23T16:15:08","date_gmt":"2023-06-23T16:15:08","guid":{"rendered":"https:\/\/laprovidenciatandil.com\/?post_type=product&#038;p=1369"},"modified":"2026-03-20T20:32:39","modified_gmt":"2026-03-20T20:32:39","slug":"aceto-millan-250","status":"publish","type":"product","link":"https:\/\/laprovidenciatandil.com\/index.php\/product\/aceto-millan-250\/","title":{"rendered":"ACETO MILLAN 250"},"content":{"rendered":"","protected":false},"excerpt":{"rendered":"<p>VARIETAL: Ugni blanc.<br \/>\n FINCA: Valle de Uco, Mendoza, Argentina.<br \/>\n COSECHA: Manual<br \/>\n MADURACI\u00d3N : 1 a\u00f1o ACIDEZ TOTAL: 4% en \u00c1cido Ac\u00e9tico<br \/>\n DENSIDAD: 1,35 g\/L. <\/p>\n<p> Elaborado con vinagre de vino blanco, variedad ugni blanc. El mismo se deja en contacto con la madera de roble, no menos de 1 a\u00f1o en barrica, luego el mosto concentrado se a\u00f1eja en piletas de cemento en contacto con duelas de roble , tambi\u00e9n 1 a\u00f1o. Concluido este tiempo, se llevan los ingredientes al cocinador de fuego y se los somete a un proceso de cocci\u00f3n de 7 d\u00edas hasta llegar al punto de densidad deseado. Es un producto espeso y cremoso, ideal para carnes, quesos y postres. Producto sin conservantes. <\/p>\n<p> VISTA: Marr\u00f3n oscuro natural<br \/>\n AROMA: Caracter\u00edstico, complejo y penetrante.<br \/>\n BOCA: El agrio y el dulce se encuentran completamente amalgamados lo que logra una equilibrada y agradable boca.<br \/>\n PRESENTACI\u00d3N : 250 ML<\/p>\n","protected":false},"featured_media":1343,"comment_status":"open","ping_status":"closed","template":"","meta":{"_joinchat":[]},"product_brand":[],"product_cat":[208],"product_tag":[201,235,233,232,231,234],"class_list":{"0":"post-1369","1":"product","2":"type-product","3":"status-publish","4":"has-post-thumbnail","6":"product_cat-acetos-y-vinagres","7":"product_tag-aceite","8":"product_tag-aceituna","9":"product_tag-acetaia","10":"product_tag-aceto","11":"product_tag-oliva","12":"product_tag-ovicola","14":"first","15":"instock","16":"featured","17":"shipping-taxable","18":"product-type-simple"},"jetpack_sharing_enabled":true,"_links":{"self":[{"href":"https:\/\/laprovidenciatandil.com\/index.php\/wp-json\/wp\/v2\/product\/1369","targetHints":{"allow":["GET"]}}],"collection":[{"href":"https:\/\/laprovidenciatandil.com\/index.php\/wp-json\/wp\/v2\/product"}],"about":[{"href":"https:\/\/laprovidenciatandil.com\/index.php\/wp-json\/wp\/v2\/types\/product"}],"replies":[{"embeddable":true,"href":"https:\/\/laprovidenciatandil.com\/index.php\/wp-json\/wp\/v2\/comments?post=1369"}],"wp:featuredmedia":[{"embeddable":true,"href":"https:\/\/laprovidenciatandil.com\/index.php\/wp-json\/wp\/v2\/media\/1343"}],"wp:attachment":[{"href":"https:\/\/laprovidenciatandil.com\/index.php\/wp-json\/wp\/v2\/media?parent=1369"}],"wp:term":[{"taxonomy":"product_brand","embeddable":true,"href":"https:\/\/laprovidenciatandil.com\/index.php\/wp-json\/wp\/v2\/product_brand?post=1369"},{"taxonomy":"product_cat","embeddable":true,"href":"https:\/\/laprovidenciatandil.com\/index.php\/wp-json\/wp\/v2\/product_cat?post=1369"},{"taxonomy":"product_tag","embeddable":true,"href":"https:\/\/laprovidenciatandil.com\/index.php\/wp-json\/wp\/v2\/product_tag?post=1369"}],"curies":[{"name":"wp","href":"https:\/\/api.w.org\/{rel}","templated":true}]}}