{"id":1374,"date":"2023-06-23T16:15:08","date_gmt":"2023-06-23T16:15:08","guid":{"rendered":"https:\/\/laprovidenciatandil.com\/?post_type=product&#038;p=1374"},"modified":"2026-03-20T20:32:39","modified_gmt":"2026-03-20T20:32:39","slug":"aceite-santa-augusta-arauco","status":"publish","type":"product","link":"https:\/\/laprovidenciatandil.com\/index.php\/product\/aceite-santa-augusta-arauco\/","title":{"rendered":"ACEITE SANTA AUGUSTA ARAUCO"},"content":{"rendered":"","protected":false},"excerpt":{"rendered":"<p>VARIETAL: Arauco.<br \/>\n EXTRACCI\u00d3N: Sistema continuo de extracci\u00f3n centr\u00edfuga.<br \/>\n ACIDEZ TOTAL: Menor a 0,5 %. <\/p>\n<p> Aceite de perfil equilibrado y complejo ya que est\u00e1 compuesto en su totalidad de Arauco. Frutado de oliva verde medio alto, identificable en nariz y boca. Gran diversidad de aromas vegetales secundarios, sobre todo manzana verde, kiwi y piel de pl\u00e1tano, aunque tambi\u00e9n aparecen matices de otras frutas maduras como fresa. Destaca su amargor y picor con una astringencia final que no interfiere en su perfil. <\/p>\n<p> VISTA: Color amarillo verdoso intenso.<br \/>\n AROMA: Frutas y pastos verdes.<br \/>\n BOCA: Dulce, agradable al paladar, picante y amargo equilibrado.<br \/>\n PRESENTACI\u00d3N: 500 ml<\/p>\n","protected":false},"featured_media":1351,"comment_status":"open","ping_status":"closed","template":"","meta":{"_joinchat":[]},"product_brand":[],"product_cat":[207],"product_tag":[201,235,233,232,231,234],"class_list":{"0":"post-1374","1":"product","2":"type-product","3":"status-publish","4":"has-post-thumbnail","6":"product_cat-aceites-de-oliva","7":"product_tag-aceite","8":"product_tag-aceituna","9":"product_tag-acetaia","10":"product_tag-aceto","11":"product_tag-oliva","12":"product_tag-ovicola","14":"first","15":"instock","16":"featured","17":"shipping-taxable","18":"product-type-simple"},"jetpack_sharing_enabled":true,"_links":{"self":[{"href":"https:\/\/laprovidenciatandil.com\/index.php\/wp-json\/wp\/v2\/product\/1374","targetHints":{"allow":["GET"]}}],"collection":[{"href":"https:\/\/laprovidenciatandil.com\/index.php\/wp-json\/wp\/v2\/product"}],"about":[{"href":"https:\/\/laprovidenciatandil.com\/index.php\/wp-json\/wp\/v2\/types\/product"}],"replies":[{"embeddable":true,"href":"https:\/\/laprovidenciatandil.com\/index.php\/wp-json\/wp\/v2\/comments?post=1374"}],"wp:featuredmedia":[{"embeddable":true,"href":"https:\/\/laprovidenciatandil.com\/index.php\/wp-json\/wp\/v2\/media\/1351"}],"wp:attachment":[{"href":"https:\/\/laprovidenciatandil.com\/index.php\/wp-json\/wp\/v2\/media?parent=1374"}],"wp:term":[{"taxonomy":"product_brand","embeddable":true,"href":"https:\/\/laprovidenciatandil.com\/index.php\/wp-json\/wp\/v2\/product_brand?post=1374"},{"taxonomy":"product_cat","embeddable":true,"href":"https:\/\/laprovidenciatandil.com\/index.php\/wp-json\/wp\/v2\/product_cat?post=1374"},{"taxonomy":"product_tag","embeddable":true,"href":"https:\/\/laprovidenciatandil.com\/index.php\/wp-json\/wp\/v2\/product_tag?post=1374"}],"curies":[{"name":"wp","href":"https:\/\/api.w.org\/{rel}","templated":true}]}}