{"id":1504,"date":"2023-06-24T23:05:00","date_gmt":"2023-06-24T23:05:00","guid":{"rendered":"https:\/\/laprovidenciatandil.com\/?post_type=product&#038;p=1504"},"modified":"2026-03-20T20:32:41","modified_gmt":"2026-03-20T20:32:41","slug":"goya-migue","status":"publish","type":"product","link":"https:\/\/laprovidenciatandil.com\/index.php\/product\/goya-migue\/","title":{"rendered":"GOYA MIGUE"},"content":{"rendered":"<p>Queso de baja humedad o pasta dura madurada semigraso o graso que se obtiene por coagulaci\u00f3n de la leche por medio del cuajo y\/u otras enzimas coagulantes apropiadas, complementada por la acci\u00f3n de bacterias l\u00e1cticas espec\u00edficas. La corteza es lisa, consistente, bien formada, cubierta con revestimientos apropiados adheridos de color negra. La pasta es ligeramente amarillenta. Posee aproximadamente 5 meses de maduraci\u00f3n.<\/p>\n<p>Peso Aproximado de la horma: 4,6 Kg.<\/p>\n<p>Peso M\u00ednimo de compra por trozo sellado al vac\u00edo: 250 Gr.<\/p>\n","protected":false},"excerpt":{"rendered":"<p>Queso de baja humedad o pasta dura madurada semigraso o graso que se obtiene por coagulaci\u00f3n de la leche por medio del cuajo y\/u otras enzimas coagulantes apropiadas, complementada por la acci\u00f3n de bacterias l\u00e1cticas espec\u00edficas. La corteza es lisa, consistente, bien formada, cubierta con revestimientos apropiados adheridos de color negra. La pasta es ligeramente amarillenta. Posee aproximadamente 5 meses de maduraci\u00f3n.<\/p>\n<p>Peso Aproximado de la horma: 4,6 Kg.<\/p>\n<p>Peso M\u00ednimo de compra por trozo sellado al vac\u00edo: 250 Gr.<\/p>\n","protected":false},"featured_media":1417,"comment_status":"open","ping_status":"closed","template":"","meta":{"_joinchat":[]},"product_brand":[],"product_cat":[205],"product_tag":[],"class_list":{"0":"post-1504","1":"product","2":"type-product","3":"status-publish","4":"has-post-thumbnail","6":"product_cat-quesos-en-horma","8":"first","9":"instock","10":"featured","11":"shipping-taxable","12":"purchasable","13":"product-type-simple"},"jetpack_sharing_enabled":true,"_links":{"self":[{"href":"https:\/\/laprovidenciatandil.com\/index.php\/wp-json\/wp\/v2\/product\/1504","targetHints":{"allow":["GET"]}}],"collection":[{"href":"https:\/\/laprovidenciatandil.com\/index.php\/wp-json\/wp\/v2\/product"}],"about":[{"href":"https:\/\/laprovidenciatandil.com\/index.php\/wp-json\/wp\/v2\/types\/product"}],"replies":[{"embeddable":true,"href":"https:\/\/laprovidenciatandil.com\/index.php\/wp-json\/wp\/v2\/comments?post=1504"}],"wp:featuredmedia":[{"embeddable":true,"href":"https:\/\/laprovidenciatandil.com\/index.php\/wp-json\/wp\/v2\/media\/1417"}],"wp:attachment":[{"href":"https:\/\/laprovidenciatandil.com\/index.php\/wp-json\/wp\/v2\/media?parent=1504"}],"wp:term":[{"taxonomy":"product_brand","embeddable":true,"href":"https:\/\/laprovidenciatandil.com\/index.php\/wp-json\/wp\/v2\/product_brand?post=1504"},{"taxonomy":"product_cat","embeddable":true,"href":"https:\/\/laprovidenciatandil.com\/index.php\/wp-json\/wp\/v2\/product_cat?post=1504"},{"taxonomy":"product_tag","embeddable":true,"href":"https:\/\/laprovidenciatandil.com\/index.php\/wp-json\/wp\/v2\/product_tag?post=1504"}],"curies":[{"name":"wp","href":"https:\/\/api.w.org\/{rel}","templated":true}]}}