{"id":1517,"date":"2023-06-24T23:05:02","date_gmt":"2023-06-24T23:05:02","guid":{"rendered":"https:\/\/laprovidenciatandil.com\/?post_type=product&#038;p=1517"},"modified":"2026-03-20T20:32:41","modified_gmt":"2026-03-20T20:32:41","slug":"morbier-tandileofu","status":"publish","type":"product","link":"https:\/\/laprovidenciatandil.com\/index.php\/product\/morbier-tandileofu\/","title":{"rendered":"MORBIER TANDILEOFU"},"content":{"rendered":"<p>Queso de origen franc\u00e9s, de pasta semi dura, prensada. El Morbier resulta de la leche de vaca y dos l\u00edneas negra compuestas de carb\u00f3n vegetal bien definidas en el centro y que contin\u00faa sobre toda la porci\u00f3n realizada en su origen para el mantenimiento adecuado de la leche.<\/p>\n<p>Peso Aproximado de la horma: 3 Kg y de 4 Kg.<\/p>\n<p>Peso Minimo de compra por trozo sellado al vacio: 300 Gr.<\/p>\n","protected":false},"excerpt":{"rendered":"<p>Queso de origen franc\u00e9s, de pasta semi dura, prensada. El Morbier resulta de la leche de vaca y dos l\u00edneas negra compuestas de carb\u00f3n vegetal bien definidas en el centro y que contin\u00faa sobre toda la porci\u00f3n realizada en su origen para el mantenimiento adecuado de la leche.<\/p>\n<p>Peso Aproximado de la horma: 3 Kg y de 4 Kg.<\/p>\n<p>Peso Minimo de compra por trozo sellado al vacio: 300 Gr.<\/p>\n","protected":false},"featured_media":1406,"comment_status":"open","ping_status":"closed","template":"","meta":{"_joinchat":[]},"product_brand":[],"product_cat":[205],"product_tag":[239,236,238,237,42,41],"class_list":{"0":"post-1517","1":"product","2":"type-product","3":"status-publish","4":"has-post-thumbnail","6":"product_cat-quesos-en-horma","7":"product_tag-ceniza","8":"product_tag-francia","9":"product_tag-horma","10":"product_tag-morbier","11":"product_tag-queso","12":"product_tag-tandil","14":"first","15":"instock","16":"sale","17":"featured","18":"shipping-taxable","19":"purchasable","20":"product-type-simple"},"jetpack_sharing_enabled":true,"_links":{"self":[{"href":"https:\/\/laprovidenciatandil.com\/index.php\/wp-json\/wp\/v2\/product\/1517","targetHints":{"allow":["GET"]}}],"collection":[{"href":"https:\/\/laprovidenciatandil.com\/index.php\/wp-json\/wp\/v2\/product"}],"about":[{"href":"https:\/\/laprovidenciatandil.com\/index.php\/wp-json\/wp\/v2\/types\/product"}],"replies":[{"embeddable":true,"href":"https:\/\/laprovidenciatandil.com\/index.php\/wp-json\/wp\/v2\/comments?post=1517"}],"wp:featuredmedia":[{"embeddable":true,"href":"https:\/\/laprovidenciatandil.com\/index.php\/wp-json\/wp\/v2\/media\/1406"}],"wp:attachment":[{"href":"https:\/\/laprovidenciatandil.com\/index.php\/wp-json\/wp\/v2\/media?parent=1517"}],"wp:term":[{"taxonomy":"product_brand","embeddable":true,"href":"https:\/\/laprovidenciatandil.com\/index.php\/wp-json\/wp\/v2\/product_brand?post=1517"},{"taxonomy":"product_cat","embeddable":true,"href":"https:\/\/laprovidenciatandil.com\/index.php\/wp-json\/wp\/v2\/product_cat?post=1517"},{"taxonomy":"product_tag","embeddable":true,"href":"https:\/\/laprovidenciatandil.com\/index.php\/wp-json\/wp\/v2\/product_tag?post=1517"}],"curies":[{"name":"wp","href":"https:\/\/api.w.org\/{rel}","templated":true}]}}