{"id":595,"date":"2023-06-07T22:11:25","date_gmt":"2023-06-07T22:11:25","guid":{"rendered":"https:\/\/laprovidenciatandil.com\/?post_type=product&#038;p=595"},"modified":"2026-03-20T20:32:34","modified_gmt":"2026-03-20T20:32:34","slug":"longaniza-espanola","status":"publish","type":"product","link":"https:\/\/laprovidenciatandil.com\/index.php\/product\/longaniza-espanola\/","title":{"rendered":"Longaniza Espa\u00f1ola"},"content":{"rendered":"<p>Longaniza tipo Espa\u00f1ola picado grueso de Las Dinas Chacinados. De color rojizo fuerte su masa esta embebida en piment\u00f3n arom\u00e1tico no picante. Si bien su uso m\u00e1s com\u00fan es en comidas calientes su color y su sabor contrastan perfecto en cualquier picada tradicional.<\/p>\n<p>Peso Aprox: 240 Gr.<\/p>\n","protected":false},"excerpt":{"rendered":"<p>Longaniza tipo Espa\u00f1ola picado gruesode Las Dinas Chacinados. De color rojizo fuerte su masa esta embebida en piment\u00f3n arom\u00e1tico no picante. Si bien su uso m\u00e1s com\u00fan es en comidas calientes su color y su sabor contrastan perfecto en cualquier picada tradicional.<\/p>\n<p>Peso Aprox: 240 Gr.<\/p>\n","protected":false},"featured_media":561,"comment_status":"open","ping_status":"closed","template":"","meta":{"_joinchat":[]},"product_brand":[],"product_cat":[15,20],"product_tag":[58],"class_list":{"0":"post-595","1":"product","2":"type-product","3":"status-publish","4":"has-post-thumbnail","6":"product_cat-chacinados","7":"product_cat-salames","8":"product_tag-las-dinas-salame-salames-chacinados-tandil-espana-espanola-pimenton-grueso","10":"first","11":"instock","12":"featured","13":"shipping-taxable","14":"purchasable","15":"product-type-simple"},"jetpack_sharing_enabled":true,"_links":{"self":[{"href":"https:\/\/laprovidenciatandil.com\/index.php\/wp-json\/wp\/v2\/product\/595","targetHints":{"allow":["GET"]}}],"collection":[{"href":"https:\/\/laprovidenciatandil.com\/index.php\/wp-json\/wp\/v2\/product"}],"about":[{"href":"https:\/\/laprovidenciatandil.com\/index.php\/wp-json\/wp\/v2\/types\/product"}],"replies":[{"embeddable":true,"href":"https:\/\/laprovidenciatandil.com\/index.php\/wp-json\/wp\/v2\/comments?post=595"}],"wp:featuredmedia":[{"embeddable":true,"href":"https:\/\/laprovidenciatandil.com\/index.php\/wp-json\/wp\/v2\/media\/561"}],"wp:attachment":[{"href":"https:\/\/laprovidenciatandil.com\/index.php\/wp-json\/wp\/v2\/media?parent=595"}],"wp:term":[{"taxonomy":"product_brand","embeddable":true,"href":"https:\/\/laprovidenciatandil.com\/index.php\/wp-json\/wp\/v2\/product_brand?post=595"},{"taxonomy":"product_cat","embeddable":true,"href":"https:\/\/laprovidenciatandil.com\/index.php\/wp-json\/wp\/v2\/product_cat?post=595"},{"taxonomy":"product_tag","embeddable":true,"href":"https:\/\/laprovidenciatandil.com\/index.php\/wp-json\/wp\/v2\/product_tag?post=595"}],"curies":[{"name":"wp","href":"https:\/\/api.w.org\/{rel}","templated":true}]}}