{"id":649,"date":"2023-06-13T19:16:47","date_gmt":"2023-06-13T19:16:47","guid":{"rendered":"https:\/\/laprovidenciatandil.com\/?post_type=product&#038;p=649"},"modified":"2026-03-20T20:32:34","modified_gmt":"2026-03-20T20:32:34","slug":"salame-con-avellanas","status":"publish","type":"product","link":"https:\/\/laprovidenciatandil.com\/index.php\/product\/salame-con-avellanas\/","title":{"rendered":"Salame con Avellanas"},"content":{"rendered":"<p>Receta francesa tra\u00edda a nosotros por Las Dinas Chacinados, Salame del Segmento PREMIUM, es de Vaina Gruesa, Carne y Tocino de extrema selecci\u00f3n, ambos generan sensaci\u00f3n de desasimiento quedando como \u00fanica estructura solida y crocante las avellanas.<\/p>\n<p>Salame suave pero de mucho sabor.<\/p>\n<p>Peso Aprox: 300 Gr.<\/p>\n","protected":false},"excerpt":{"rendered":"<p>Receta francesa tra\u00edda a nosotros por Las Dinas Chacinados, Salame del Segmento PREMIUM, es de Vaina Gruesa, Carne y Tocino de extrema selecci\u00f3n, ambos generan sensaci\u00f3n de desasimiento quedando como \u00fanica estructura solida y crocante las avellanas.<\/p>\n<p>Salame suave pero de mucho sabor.<\/p>\n<p>Peso Aprox: 300 Gr.<\/p>\n","protected":false},"featured_media":571,"comment_status":"open","ping_status":"closed","template":"","meta":{"_joinchat":[]},"product_brand":[],"product_cat":[15,20],"product_tag":[82,81,83,66,40,71,80,84,36,41],"class_list":{"0":"post-649","1":"product","2":"type-product","3":"status-publish","4":"has-post-thumbnail","6":"product_cat-chacinados","7":"product_cat-salames","8":"product_tag-avellanas","9":"product_tag-chacinados","10":"product_tag-frances","11":"product_tag-gourmet","12":"product_tag-las-dinas","13":"product_tag-las-dinas-chacinados","14":"product_tag-longaniza","15":"product_tag-premium","16":"product_tag-salame","17":"product_tag-tandil","19":"first","20":"instock","21":"sale","22":"featured","23":"shipping-taxable","24":"purchasable","25":"product-type-simple"},"jetpack_sharing_enabled":true,"_links":{"self":[{"href":"https:\/\/laprovidenciatandil.com\/index.php\/wp-json\/wp\/v2\/product\/649","targetHints":{"allow":["GET"]}}],"collection":[{"href":"https:\/\/laprovidenciatandil.com\/index.php\/wp-json\/wp\/v2\/product"}],"about":[{"href":"https:\/\/laprovidenciatandil.com\/index.php\/wp-json\/wp\/v2\/types\/product"}],"replies":[{"embeddable":true,"href":"https:\/\/laprovidenciatandil.com\/index.php\/wp-json\/wp\/v2\/comments?post=649"}],"wp:featuredmedia":[{"embeddable":true,"href":"https:\/\/laprovidenciatandil.com\/index.php\/wp-json\/wp\/v2\/media\/571"}],"wp:attachment":[{"href":"https:\/\/laprovidenciatandil.com\/index.php\/wp-json\/wp\/v2\/media?parent=649"}],"wp:term":[{"taxonomy":"product_brand","embeddable":true,"href":"https:\/\/laprovidenciatandil.com\/index.php\/wp-json\/wp\/v2\/product_brand?post=649"},{"taxonomy":"product_cat","embeddable":true,"href":"https:\/\/laprovidenciatandil.com\/index.php\/wp-json\/wp\/v2\/product_cat?post=649"},{"taxonomy":"product_tag","embeddable":true,"href":"https:\/\/laprovidenciatandil.com\/index.php\/wp-json\/wp\/v2\/product_tag?post=649"}],"curies":[{"name":"wp","href":"https:\/\/api.w.org\/{rel}","templated":true}]}}