{"id":651,"date":"2023-06-13T19:27:56","date_gmt":"2023-06-13T19:27:56","guid":{"rendered":"https:\/\/laprovidenciatandil.com\/?post_type=product&#038;p=651"},"modified":"2026-03-20T20:32:34","modified_gmt":"2026-03-20T20:32:34","slug":"salame-tipo-iberico","status":"publish","type":"product","link":"https:\/\/laprovidenciatandil.com\/index.php\/product\/salame-tipo-iberico\/","title":{"rendered":"Salame Tipo IB\u00c9RICO"},"content":{"rendered":"<p>Salame tipo Ib\u00e9rico de Las Dinas Chacinados, perteneciente a la gama PREMIUM del productor se representa con un Chorizo Colorado o Cantimpalo de alta calidad debido a su selecci\u00f3n de carne y tocino \u00fanicamente extra\u00eddos la Pata del Jam\u00f3n y condimentada con Piment\u00f3n suave del Norte Argentino como mejor piment\u00f3n pa\u00eds.<\/p>\n<p>Peso Aprox: 300 Gr<\/p>\n","protected":false},"excerpt":{"rendered":"<p>Salame tipo Ib\u00e9rico de Las Dinas Chacinados, perteneciente a la gama PREMIUM del productor se representa con un Chorizo Colorado o Cantimpalo de alta calidad debido a su selecci\u00f3n de carne y tocino \u00fanicamente extra\u00eddos la Pata del Jam\u00f3n y condimentada con Piment\u00f3n suave del Norte Argentino como mejor piment\u00f3n pa\u00eds.<\/p>\n<p>Peso Aprox: 300 Gr<\/p>\n","protected":false},"featured_media":572,"comment_status":"open","ping_status":"closed","template":"","meta":{"_joinchat":[]},"product_brand":[],"product_cat":[15,20],"product_tag":[73,89,92,90,40,39,36,91,41],"class_list":{"0":"post-651","1":"product","2":"type-product","3":"status-publish","4":"has-post-thumbnail","6":"product_cat-chacinados","7":"product_cat-salames","8":"product_tag-espana","9":"product_tag-iberico","10":"product_tag-italia","11":"product_tag-jamon-crudo","12":"product_tag-las-dinas","13":"product_tag-picada","14":"product_tag-salame","15":"product_tag-sopresata","16":"product_tag-tandil","18":"first","19":"instock","20":"sale","21":"featured","22":"shipping-taxable","23":"purchasable","24":"product-type-simple"},"jetpack_sharing_enabled":true,"_links":{"self":[{"href":"https:\/\/laprovidenciatandil.com\/index.php\/wp-json\/wp\/v2\/product\/651","targetHints":{"allow":["GET"]}}],"collection":[{"href":"https:\/\/laprovidenciatandil.com\/index.php\/wp-json\/wp\/v2\/product"}],"about":[{"href":"https:\/\/laprovidenciatandil.com\/index.php\/wp-json\/wp\/v2\/types\/product"}],"replies":[{"embeddable":true,"href":"https:\/\/laprovidenciatandil.com\/index.php\/wp-json\/wp\/v2\/comments?post=651"}],"wp:featuredmedia":[{"embeddable":true,"href":"https:\/\/laprovidenciatandil.com\/index.php\/wp-json\/wp\/v2\/media\/572"}],"wp:attachment":[{"href":"https:\/\/laprovidenciatandil.com\/index.php\/wp-json\/wp\/v2\/media?parent=651"}],"wp:term":[{"taxonomy":"product_brand","embeddable":true,"href":"https:\/\/laprovidenciatandil.com\/index.php\/wp-json\/wp\/v2\/product_brand?post=651"},{"taxonomy":"product_cat","embeddable":true,"href":"https:\/\/laprovidenciatandil.com\/index.php\/wp-json\/wp\/v2\/product_cat?post=651"},{"taxonomy":"product_tag","embeddable":true,"href":"https:\/\/laprovidenciatandil.com\/index.php\/wp-json\/wp\/v2\/product_tag?post=651"}],"curies":[{"name":"wp","href":"https:\/\/api.w.org\/{rel}","templated":true}]}}