{"id":857,"date":"2023-06-19T15:33:37","date_gmt":"2023-06-19T15:33:37","guid":{"rendered":"https:\/\/laprovidenciatandil.com\/?post_type=product&#038;p=857"},"modified":"2026-03-20T20:32:35","modified_gmt":"2026-03-20T20:32:35","slug":"sazon-fajita-badia","status":"publish","type":"product","link":"https:\/\/laprovidenciatandil.com\/index.php\/product\/sazon-fajita-badia\/","title":{"rendered":"Saz\u00f3n Fajita BADIA"},"content":{"rendered":"<p>Badia. Saz\u00f3n Fajita. Ajo. Cebolla. Aj\u00ed picante. Sal. Producto de Estados Unidos.<\/p>\n<p>Saz\u00f3n Fajita. Ajo. Cebolla. Aj\u00ed picante. Sal.<\/p>\n<p>Peso: 79,9grs<\/p>\n","protected":false},"excerpt":{"rendered":"<p>Badia. Saz\u00f3n Fajita. Ajo. Cebolla. Aj\u00ed picante. Sal. Producto de Estados Unidos.<\/p>\n<p>Saz\u00f3n Fajita. Ajo. Cebolla. Aj\u00ed picante. Sal.<\/p>\n<p>Peso: 79,9grs<\/p>\n","protected":false},"featured_media":0,"comment_status":"open","ping_status":"closed","template":"","meta":{"_joinchat":[]},"product_brand":[],"product_cat":[32],"product_tag":[174,87,159,156,160,157,175],"class_list":{"0":"post-857","1":"product","2":"type-product","3":"status-publish","5":"product_cat-condimentos-y-aderezos","6":"product_tag-aji-picante","7":"product_tag-ajo","8":"product_tag-badia","9":"product_tag-cebolla","10":"product_tag-estados-unidos","11":"product_tag-sal","12":"product_tag-sazon-fajita","14":"first","15":"instock","16":"featured","17":"shipping-taxable","18":"purchasable","19":"product-type-simple"},"jetpack_sharing_enabled":true,"_links":{"self":[{"href":"https:\/\/laprovidenciatandil.com\/index.php\/wp-json\/wp\/v2\/product\/857","targetHints":{"allow":["GET"]}}],"collection":[{"href":"https:\/\/laprovidenciatandil.com\/index.php\/wp-json\/wp\/v2\/product"}],"about":[{"href":"https:\/\/laprovidenciatandil.com\/index.php\/wp-json\/wp\/v2\/types\/product"}],"replies":[{"embeddable":true,"href":"https:\/\/laprovidenciatandil.com\/index.php\/wp-json\/wp\/v2\/comments?post=857"}],"wp:attachment":[{"href":"https:\/\/laprovidenciatandil.com\/index.php\/wp-json\/wp\/v2\/media?parent=857"}],"wp:term":[{"taxonomy":"product_brand","embeddable":true,"href":"https:\/\/laprovidenciatandil.com\/index.php\/wp-json\/wp\/v2\/product_brand?post=857"},{"taxonomy":"product_cat","embeddable":true,"href":"https:\/\/laprovidenciatandil.com\/index.php\/wp-json\/wp\/v2\/product_cat?post=857"},{"taxonomy":"product_tag","embeddable":true,"href":"https:\/\/laprovidenciatandil.com\/index.php\/wp-json\/wp\/v2\/product_tag?post=857"}],"curies":[{"name":"wp","href":"https:\/\/api.w.org\/{rel}","templated":true}]}}