{"id":915,"date":"2023-06-21T22:50:41","date_gmt":"2023-06-21T22:50:41","guid":{"rendered":"https:\/\/laprovidenciatandil.com\/?post_type=product&#038;p=915"},"modified":"2026-03-20T20:32:35","modified_gmt":"2026-03-20T20:32:35","slug":"salame-tipo-sopresatta-2","status":"publish","type":"product","link":"https:\/\/laprovidenciatandil.com\/index.php\/product\/salame-tipo-sopresatta-2\/","title":{"rendered":"Salame tipo Sopresatta"},"content":{"rendered":"<p>Salame del segmento Premium de Las Dinas Chacinados, \u00fanicamente realizado con la pulpa de la Pata de Jam\u00f3n. Denominado Salame BOMBOM es de tama\u00f1o muy peque\u00f1o pero de un sabor intenso estilo Jam\u00f3n Crudo.<\/p>\n<p>Peso Aprox: 150 Gr.<\/p>\n","protected":false},"excerpt":{"rendered":"<p>Salame del segmento Premium de Las Dinas Chacinados, \u00fanicamente realizado con la pulpa de la Pata de Jam\u00f3n. Denominado Salame BOMBOM es de tama\u00f1o muy peque\u00f1o pero de un sabor intenso estilo Jam\u00f3n Crudo.<\/p>\n<p>Peso Aprox: 150 Gr.<\/p>\n","protected":false},"featured_media":574,"comment_status":"open","ping_status":"closed","template":"","meta":{"_joinchat":[]},"product_brand":[],"product_cat":[15,20],"product_tag":[81,92,94,90,40,36,93],"class_list":{"0":"post-915","1":"product","2":"type-product","3":"status-publish","4":"has-post-thumbnail","6":"product_cat-chacinados","7":"product_cat-salames","8":"product_tag-chacinados","9":"product_tag-italia","10":"product_tag-jamon","11":"product_tag-jamon-crudo","12":"product_tag-las-dinas","13":"product_tag-salame","14":"product_tag-soprestatta","16":"first","17":"instock","18":"sale","19":"featured","20":"shipping-taxable","21":"purchasable","22":"product-type-simple"},"jetpack_sharing_enabled":true,"_links":{"self":[{"href":"https:\/\/laprovidenciatandil.com\/index.php\/wp-json\/wp\/v2\/product\/915","targetHints":{"allow":["GET"]}}],"collection":[{"href":"https:\/\/laprovidenciatandil.com\/index.php\/wp-json\/wp\/v2\/product"}],"about":[{"href":"https:\/\/laprovidenciatandil.com\/index.php\/wp-json\/wp\/v2\/types\/product"}],"replies":[{"embeddable":true,"href":"https:\/\/laprovidenciatandil.com\/index.php\/wp-json\/wp\/v2\/comments?post=915"}],"wp:featuredmedia":[{"embeddable":true,"href":"https:\/\/laprovidenciatandil.com\/index.php\/wp-json\/wp\/v2\/media\/574"}],"wp:attachment":[{"href":"https:\/\/laprovidenciatandil.com\/index.php\/wp-json\/wp\/v2\/media?parent=915"}],"wp:term":[{"taxonomy":"product_brand","embeddable":true,"href":"https:\/\/laprovidenciatandil.com\/index.php\/wp-json\/wp\/v2\/product_brand?post=915"},{"taxonomy":"product_cat","embeddable":true,"href":"https:\/\/laprovidenciatandil.com\/index.php\/wp-json\/wp\/v2\/product_cat?post=915"},{"taxonomy":"product_tag","embeddable":true,"href":"https:\/\/laprovidenciatandil.com\/index.php\/wp-json\/wp\/v2\/product_tag?post=915"}],"curies":[{"name":"wp","href":"https:\/\/api.w.org\/{rel}","templated":true}]}}