{"id":986,"date":"2023-06-21T22:51:07","date_gmt":"2023-06-21T22:51:07","guid":{"rendered":"https:\/\/laprovidenciatandil.com\/?post_type=product&#038;p=986"},"modified":"2026-03-20T20:32:37","modified_gmt":"2026-03-20T20:32:37","slug":"sazon-tropical-badia-4","status":"publish","type":"product","link":"https:\/\/laprovidenciatandil.com\/index.php\/product\/sazon-tropical-badia-4\/","title":{"rendered":"Saz\u00f3n Tropical BADIA"},"content":{"rendered":"<p>Badia. Ajo. Cebolla. Sal. Pimienta negra. Laurel. Comino. Or\u00e9gano. Perejil. Piment\u00f3n. Producto de Estados Unidos.<\/p>\n<p>Ajo. Cebolla. Sal. Pimienta negra. Laurel. Comino. Or\u00e9gano. Perejil. Piment\u00f3n.<\/p>\n<p>Peso: 191,4grs<\/p>\n","protected":false},"excerpt":{"rendered":"<p>Badia. Ajo. Cebolla. Sal. Pimienta negra. Laurel. Comino. Or\u00e9gano. Perejil. Piment\u00f3n. Producto de Estados Unidos.<\/p>\n<p>Ajo. Cebolla. Sal. Pimienta negra. Laurel. Comino. Or\u00e9gano. Perejil. Piment\u00f3n.<\/p>\n<p>Peso: 191,4grs<\/p>\n","protected":false},"featured_media":799,"comment_status":"open","ping_status":"closed","template":"","meta":{"_joinchat":[]},"product_brand":[],"product_cat":[32],"product_tag":[87,159,156,168,160,166,47,158,165,167,157],"class_list":{"0":"post-986","1":"product","2":"type-product","3":"status-publish","4":"has-post-thumbnail","6":"product_cat-condimentos-y-aderezos","7":"product_tag-ajo","8":"product_tag-badia","9":"product_tag-cebolla","10":"product_tag-comino","11":"product_tag-estados-unidos","12":"product_tag-laurel","13":"product_tag-oregano","14":"product_tag-perejil","15":"product_tag-pimenton","16":"product_tag-pimienta-negra","17":"product_tag-sal","19":"first","20":"instock","21":"featured","22":"shipping-taxable","23":"purchasable","24":"product-type-simple"},"jetpack_sharing_enabled":true,"_links":{"self":[{"href":"https:\/\/laprovidenciatandil.com\/index.php\/wp-json\/wp\/v2\/product\/986","targetHints":{"allow":["GET"]}}],"collection":[{"href":"https:\/\/laprovidenciatandil.com\/index.php\/wp-json\/wp\/v2\/product"}],"about":[{"href":"https:\/\/laprovidenciatandil.com\/index.php\/wp-json\/wp\/v2\/types\/product"}],"replies":[{"embeddable":true,"href":"https:\/\/laprovidenciatandil.com\/index.php\/wp-json\/wp\/v2\/comments?post=986"}],"wp:featuredmedia":[{"embeddable":true,"href":"https:\/\/laprovidenciatandil.com\/index.php\/wp-json\/wp\/v2\/media\/799"}],"wp:attachment":[{"href":"https:\/\/laprovidenciatandil.com\/index.php\/wp-json\/wp\/v2\/media?parent=986"}],"wp:term":[{"taxonomy":"product_brand","embeddable":true,"href":"https:\/\/laprovidenciatandil.com\/index.php\/wp-json\/wp\/v2\/product_brand?post=986"},{"taxonomy":"product_cat","embeddable":true,"href":"https:\/\/laprovidenciatandil.com\/index.php\/wp-json\/wp\/v2\/product_cat?post=986"},{"taxonomy":"product_tag","embeddable":true,"href":"https:\/\/laprovidenciatandil.com\/index.php\/wp-json\/wp\/v2\/product_tag?post=986"}],"curies":[{"name":"wp","href":"https:\/\/api.w.org\/{rel}","templated":true}]}}